{"id":6155,"date":"2022-01-13T02:46:25","date_gmt":"2022-01-13T02:46:25","guid":{"rendered":"https:\/\/keylingo.com\/historia-de-exito-de-nanoleaf\/"},"modified":"2025-05-05T20:17:15","modified_gmt":"2025-05-05T20:17:15","slug":"historia-de-exito-de-nanoleaf","status":"publish","type":"page","link":"https:\/\/keylingo.com\/es\/historia-de-exito-de-nanoleaf\/","title":{"rendered":"Historia de \u00e9xito de Nanoleaf"},"content":{"rendered":"\n<h1>\n\t\tExpansi\u00f3n internacional de un sitio web local\n\t<\/h1>\n\t\t\t\t<img loading=\"lazy\" decoding=\"async\" src=\"https:\/\/keylingo.com\/wp-content\/uploads\/2022\/02\/Nanoleaf-Logo.png\" alt=\"Nanoleaf Case Study | Keylingo Translation Services\" itemprop=\"image\" height=\"330\" width=\"1000\" title=\"Nanoleaf-Logo\" onerror=\"this.style.display='none'\"  \/>\n\t\t<h2>\n\t\t\tUna empresa de electr\u00f3nica de consumo en crecimiento se globaliza.\n\t\t<\/h2>\n\t\t\t<p>Nanoleaf fabrica productos inteligentes para el hogar que transforman experiencias cotidianas en algo extraordinario. En el transcurso de seis a\u00f1os, abrieron oficinas en Asia, Europa y Am\u00e9rica del Norte. Hoy en d\u00eda, sus productos se venden en m\u00e1s de 40 pa\u00edses.<\/p>\t\t\n\t\t1 seconds\n\t\t\t\t\ttiempo de carga del sitio web\n\t\t40 pa\u00edses\n\t\t\t\t\tdonde se vende Nanoleaf\n\t\t$60,000\n\t\t\t\t\tahorrados en desarrollo web\n\t\t<h2>\n\t\t\tEl desaf\u00edo\n\t\t<\/h2>\n\t\t\tAnte la creciente demanda de sus productos en todo el mundo, Nanoleaf pronto super\u00f3 las capacidades de su sitio web. Se pusieron en contacto con Keylingo para desarrollar su p\u00e1gina web multiling\u00fce y espec\u00edfica para cada regi\u00f3n, manteniendo al mismo tiempo la consistencia en la voz de la marca. El sitio expandido tambi\u00e9n necesitaba integrarse de manera eficiente con sus p\u00e1ginas de e-commerce y con las especificaciones t\u00e9cnicas del sitio. Y dado su modelo de operaci\u00f3n \u00e1gil, la traducci\u00f3n inicial y los esfuerzos de localizaci\u00f3n continuos deb\u00edan ser eficientes y automatizados siempre que fuera posible, sin comprometer la precisi\u00f3n, la calidad y el control.\t\t\n\t\t<h2>\n\t\t\t\u00ab\u00a1Lo mejor de trabajar con ustedes es que son tan confiables!\u00bb\n\t\t<\/h2>\n\t\t\t<p>Paul Austin-Menear &#8211; Vicepresidente de Operaciones Comerciales, Nanoleaf<\/p>\t\t\n\t\t<h2>\n\t\t\tLa soluci\u00f3n\n\t\t<\/h2>\n\t\t\t<p>Creamos un stack tecnol\u00f3gico personalizado para automatizar las tareas repetitivas y el intercambio de archivos, mientras que ling\u00fcistas profesionales se encargaban de la localizaci\u00f3n, produciendo traducciones eficientes con el m\u00e1s alto nivel de precisi\u00f3n y sensibilidad cultural.Elegimos Basecamp para la comunicaci\u00f3n, la consultor\u00eda y la gesti\u00f3n de proyectos. La creaci\u00f3n de m\u00faltiples cuentas de usuario para el equipo de Nanoleaf evit\u00f3 cuellos de botella en el proceso de aprobaci\u00f3n, manteniendo informados a todos los socios involucrados. Nuestra soluci\u00f3n patentada, ContentFlow, enviaba autom\u00e1ticamente el contenido en ingl\u00e9s del sitio web a los equipos de localizaci\u00f3n. Despu\u00e9s de que los equipos completaran la traducci\u00f3n de cada idioma, el contenido se cargaba autom\u00e1ticamente en un servidor de prueba para la revisi\u00f3n del equipo de Nanoleaf.Determinamos que implementar las traducciones del sitio web y de e-commerce regi\u00f3n por regi\u00f3n garantizar\u00eda un lanzamiento exitoso. Al combinar procesos y tecnolog\u00eda de vanguardia con una atenci\u00f3n al cliente personalizada, m\u00e1s propia de proveedores m\u00e1s peque\u00f1os y monoling\u00fces, localizamos el sitio web para 17 pa\u00edses y 12 idiomas.Pudimos lograr esto mientras nos integr\u00e1bamos perfectamente con el stack tecnol\u00f3gico existente de Nanoleaf y manten\u00edamos tiempos de carga r\u00e1pidos en el sitio web. Su sitio web, rico en contenido multimedia, se carga en 1,3 segundos en Jap\u00f3n y Corea, por ejemplo.<\/p>\t\t\n<h2>\n\t\tServicios de Keylingo\n\t<\/h2>\n\t\t\t\t\t\t\t<img loading=\"lazy\" decoding=\"async\" src=\"https:\/\/keylingo.com\/wp-content\/uploads\/2022\/01\/CS-Services-1.png\" alt=\"CS-Services-1\" width=\"160\" height=\"156\" \/>\n\t\t\t\t\t\t<h3>Localizaci\u00f3n<br \/>de sitio web<\/h3>\t\t\t\t\t\n\t\t\t\t\t\t\t<img loading=\"lazy\" decoding=\"async\" src=\"https:\/\/keylingo.com\/wp-content\/uploads\/2022\/01\/CS-Services-2.png\" alt=\"CS-Services-2\" width=\"161\" height=\"156\" \/>\n\t\t\t\t\t\t<h3>Traducci\u00f3n a <br \/>12 idiomas<\/h3>\t\t\t\t\t\n\t\t\t\t\t\t\t<img loading=\"lazy\" decoding=\"async\" src=\"https:\/\/keylingo.com\/wp-content\/uploads\/2022\/01\/CS-Services-3.png\" alt=\"CS-Services-3\" width=\"200\" height=\"156\" \/>\n\t\t\t\t\t\t<h3>Localizaci\u00f3n a<br \/>5 regiones<\/h3>\t\t\t\t\t\n\t\t\t\t\t\t\t<img loading=\"lazy\" decoding=\"async\" src=\"https:\/\/keylingo.com\/wp-content\/uploads\/2022\/01\/CS-Services-4.png\" alt=\"CS-Services-4\" width=\"152\" height=\"156\" \/>\n\t\t\t\t\t\t<h3>Traducci\u00f3n<br \/>t\u00e9cnica<\/h3>\t\t\t\t\t\n\t\t<h2>\n\t\t\tNuestra asociaci\u00f3n\n\t\t<\/h2>\n\t\t\t<p>Un enfoque colaborativo y orientado a soluciones para la resoluci\u00f3n de problemas y el intercambio de conocimientos ayud\u00f3 a Nanoleaf a destacarse. Cuando Nanoleaf se enfrent\u00f3 a la necesidad de una costosa actualizaci\u00f3n de su paquete de software existente para automatizar las traducciones, nos ofrecimos a resolver este problema. Doce horas m\u00e1s tarde, ten\u00edamos una soluci\u00f3n que funcionaba con el acuerdo de software existente de Nanoleaf, lo que les permiti\u00f3 ahorrar $60.000 d\u00f3lares anuales en actualizaciones de suscripci\u00f3n de software. Ese enfoque de asesor\u00eda integral convenci\u00f3 a Nanoleaf de trabajar con Keylingo para todas sus necesidades de traducci\u00f3n.<\/p>\t\t\n<h3>\n\t\tSu socio ideal\n\t<\/h3>\n\t\t\t\t\t\t\t\t\t\t\t\n\t\t\t<p>Elija un equipo dedicado que ofrece soluciones precisas y adaptables para una comunicaci\u00f3n de alta calidad en todos los idiomas. Juntos, alcanzaremos sus objetivos globales con claridad, rapidez y compromiso.<\/p>\t\t\n\t\t\t\t<a href=\"https:\/\/keylingo.com\/es\/contactenos\/\" role=\"button\" target=\"_self\">\n\t\t\t\t\t\t\t\t\t\tHablemos\n\t\t\t\t\t\t\t\t\t<\/a>\n\n","protected":false},"excerpt":{"rendered":"<p>Expansi\u00f3n internacional de un sitio web local Una empresa de electr\u00f3nica de consumo en crecimiento se globaliza. Nanoleaf fabrica productos inteligentes para el hogar que transforman experiencias cotidianas en algo extraordinario. En el transcurso de seis a\u00f1os, abrieron oficinas en Asia, Europa y Am\u00e9rica del Norte. Hoy en d\u00eda, sus productos se venden en m\u00e1s&hellip;<\/p>\n","protected":false},"author":1,"featured_media":0,"parent":0,"menu_order":0,"comment_status":"closed","ping_status":"closed","template":"","meta":{"content-type":"","footnotes":""},"class_list":["post-6155","page","type-page","status-publish","hentry"],"_links":{"self":[{"href":"https:\/\/keylingo.com\/es\/wp-json\/wp\/v2\/pages\/6155","targetHints":{"allow":["GET"]}}],"collection":[{"href":"https:\/\/keylingo.com\/es\/wp-json\/wp\/v2\/pages"}],"about":[{"href":"https:\/\/keylingo.com\/es\/wp-json\/wp\/v2\/types\/page"}],"author":[{"embeddable":true,"href":"https:\/\/keylingo.com\/es\/wp-json\/wp\/v2\/users\/1"}],"replies":[{"embeddable":true,"href":"https:\/\/keylingo.com\/es\/wp-json\/wp\/v2\/comments?post=6155"}],"version-history":[{"count":3,"href":"https:\/\/keylingo.com\/es\/wp-json\/wp\/v2\/pages\/6155\/revisions"}],"predecessor-version":[{"id":6166,"href":"https:\/\/keylingo.com\/es\/wp-json\/wp\/v2\/pages\/6155\/revisions\/6166"}],"wp:attachment":[{"href":"https:\/\/keylingo.com\/es\/wp-json\/wp\/v2\/media?parent=6155"}],"curies":[{"name":"wp","href":"https:\/\/api.w.org\/{rel}","templated":true}]}}