{"id":5902,"date":"2021-12-09T18:59:37","date_gmt":"2021-12-09T18:59:37","guid":{"rendered":"https:\/\/keylingo.com\/inicio\/"},"modified":"2025-04-22T14:45:26","modified_gmt":"2025-04-22T14:45:26","slug":"inicio","status":"publish","type":"page","link":"https:\/\/keylingo.com\/es\/","title":{"rendered":"Inicio"},"content":{"rendered":"\n<h1>\n\t\tSu \u00e9xito global, nuestra prioridad\n\t<\/h1>\n\t\t<h2>\n\t\t\tKeylingo mejora la vida de las personas a trav\u00e9s del poder de la comunicaci\u00f3n, combinando tecnolog\u00eda de punta con el toque humano de nuestro equipo.\n\t\t<\/h2>\n\t\t\t<p>Nuestro servicio personalizado garantiza que sus necesidades espec\u00edficas est\u00e9n cubiertas, ofreci\u00e9ndole <strong>soluciones a medida<\/strong> que se ajustan perfectamente a los objetivos de su empresa. Gracias al uso de tecnolog\u00edas avanzadas de traducci\u00f3n, productividad e inteligencia artificial, nuestro equipo se integra a la perfecci\u00f3n con su negocio, asegurando servicios ling\u00fc\u00edsticos precisos y puntuales que le permiten mantenerse a la vanguardia en un mercado global competitivo. Con presencia en mercados clave a nivel mundial, lo conectamos con su audiencia dondequiera que est\u00e9.<\/p>\t\t\n\t\t<h2>Soluciones clave para una experiencia ling\u00fc\u00edstica global<\/h2>\n\t\t<p>Impulse la comunicaci\u00f3n de su empresa sin barreras ling\u00fc\u00edsticas ni culturales. Ya sea que necesite traducci\u00f3n, interpretaci\u00f3n, localizaci\u00f3n o cualquier otro servicio ling\u00fc\u00edstico, nuestras soluciones garantizan que su mensaje sea claro, preciso y culturalmente relevante.<\/p>\n\t\t\t<a href=\"https:\/\/keylingo.com\/es\/servicios\/\" target=\"_self\">\n\t\t\t\t\t\t\tConsulte nuestros servicios\n\t\t\t\t\t<\/a>\n\t\t\t\t<img loading=\"lazy\" decoding=\"async\" src=\"https:\/\/keylingo.com\/wp-content\/uploads\/2024\/09\/Keylingo-Team-Hero.png\" alt=\"Keylingo - Team Hero\" itemprop=\"image\" height=\"1714\" width=\"2000\" title=\"Keylingo - Team Hero\" onerror=\"this.style.display='none'\"  \/>\n\t\t\t\t\t\t<h3>Nuestros clientes hablan por nosotros<\/h3>\t\t\t\t\t\n\t\t\t<p>Como socio de confianza de empresas grandes y medianas, ofrecemos las soluciones que necesita para comunicarse eficazmente en nuevos mercados. \u00danase a las numerosas empresas que conf\u00edan en nuestro equipo experimentado para respaldar sus estrategias de comunicaci\u00f3n global.<\/p>\t\t\n<img decoding=\"async\" src=\"https:\/\/keylingo.com\/wp-content\/uploads\/2022\/02\/Acuity.png\" alt=\"Acuity Brands\"\/><img decoding=\"async\" src=\"https:\/\/keylingo.com\/wp-content\/uploads\/2022\/02\/Argyle-1.png\" alt=\"Argyle\"\/><img decoding=\"async\" src=\"https:\/\/keylingo.com\/wp-content\/uploads\/2022\/02\/Armstrong.png\" alt=\"Armstrong\"\/><img decoding=\"async\" src=\"https:\/\/keylingo.com\/wp-content\/uploads\/2022\/02\/Buhler.png\" alt=\"Buhler\"\/><img decoding=\"async\" src=\"https:\/\/keylingo.com\/wp-content\/uploads\/2022\/02\/DoorDash.png\" alt=\"DoorDash\"\/><img decoding=\"async\" src=\"https:\/\/keylingo.com\/wp-content\/uploads\/2022\/02\/Electrolux.png\" alt=\"Electrolux\"\/><img decoding=\"async\" src=\"https:\/\/keylingo.com\/wp-content\/uploads\/2022\/02\/Giant-Tiger.png\" alt=\"Giant Tiger\"\/><img decoding=\"async\" src=\"https:\/\/keylingo.com\/wp-content\/uploads\/2022\/02\/Hardinge.png\" alt=\"Hardinge\"\/><img decoding=\"async\" src=\"https:\/\/keylingo.com\/wp-content\/uploads\/2022\/02\/Harsco.png\" alt=\"Harsco\"\/><img decoding=\"async\" src=\"https:\/\/keylingo.com\/wp-content\/uploads\/2022\/02\/Hunter-Douglas.png\" alt=\"Hunter Douglas\"\/><img decoding=\"async\" src=\"https:\/\/keylingo.com\/wp-content\/uploads\/2022\/02\/Kivuto.png\" alt=\"Kivuto\"\/><img decoding=\"async\" src=\"https:\/\/keylingo.com\/wp-content\/uploads\/2022\/02\/Komatsu.png\" alt=\"Komatsu\"\/><img decoding=\"async\" src=\"https:\/\/keylingo.com\/wp-content\/uploads\/2022\/02\/Liebherr.png\" alt=\"Liebherr\"\/><img decoding=\"async\" src=\"https:\/\/keylingo.com\/wp-content\/uploads\/2022\/02\/Lowes.png\" alt=\"Lowes\"\/><img decoding=\"async\" src=\"https:\/\/keylingo.com\/wp-content\/uploads\/2022\/02\/MacDon.png\" alt=\"MacDon\"\/><img decoding=\"async\" src=\"https:\/\/keylingo.com\/wp-content\/uploads\/2022\/02\/Magnet.png\" alt=\"Magnet\"\/><img decoding=\"async\" src=\"https:\/\/keylingo.com\/wp-content\/uploads\/2022\/02\/Makita.png\" alt=\"Makita\"\/><img decoding=\"async\" src=\"https:\/\/keylingo.com\/wp-content\/uploads\/2022\/02\/Mars.png\" alt=\"Mars\"\/><img decoding=\"async\" src=\"https:\/\/keylingo.com\/wp-content\/uploads\/2022\/02\/Mastercard.png\" alt=\"Mastercard\"\/><img decoding=\"async\" src=\"https:\/\/keylingo.com\/wp-content\/uploads\/2022\/02\/Merck.png\" alt=\"Merck\"\/><img decoding=\"async\" src=\"https:\/\/keylingo.com\/wp-content\/uploads\/2022\/02\/Nanoleaf.png\" alt=\"Nanoleaf\"\/><img decoding=\"async\" src=\"https:\/\/keylingo.com\/wp-content\/uploads\/2025\/04\/National-Grid-2.png\" alt=\"National Grid\"\/><img decoding=\"async\" src=\"https:\/\/keylingo.com\/wp-content\/uploads\/2022\/02\/Oxbo.png\" alt=\"Oxbo\"\/><img decoding=\"async\" src=\"https:\/\/keylingo.com\/wp-content\/uploads\/2022\/02\/Peloton.png\" alt=\"Peloton\"\/><img decoding=\"async\" src=\"https:\/\/keylingo.com\/wp-content\/uploads\/2022\/02\/Schneider.png\" alt=\"Schneider\"\/><img decoding=\"async\" src=\"https:\/\/keylingo.com\/wp-content\/uploads\/2022\/02\/T2.png\" alt=\"T2\"\/><img decoding=\"async\" src=\"https:\/\/keylingo.com\/wp-content\/uploads\/2022\/02\/GOC.png\" alt=\"GOC\"\/><img decoding=\"async\" src=\"https:\/\/keylingo.com\/wp-content\/uploads\/2022\/02\/Tobii.png\" alt=\"Tobii\"\/><img decoding=\"async\" src=\"https:\/\/keylingo.com\/wp-content\/uploads\/2022\/02\/Uber.png\" alt=\"Uber\"\/><img decoding=\"async\" src=\"https:\/\/keylingo.com\/wp-content\/uploads\/2022\/02\/Viking.png\" alt=\"Viking\"\/><img decoding=\"async\" src=\"https:\/\/keylingo.com\/wp-content\/uploads\/2022\/02\/Ethix-1.jpg\" alt=\"Ethix360\"\/><img decoding=\"async\" src=\"https:\/\/keylingo.com\/wp-content\/uploads\/2022\/02\/Grandstream-1.jpg\" alt=\"Grandstream\"\/><img decoding=\"async\" src=\"https:\/\/keylingo.com\/wp-content\/uploads\/2022\/02\/Barnstable-1.jpg\" alt=\"Barnstable\"\/><img decoding=\"async\" src=\"https:\/\/keylingo.com\/wp-content\/uploads\/2022\/02\/MSC.jpg\" alt=\"Statewide Contract\"\/><img decoding=\"async\" src=\"https:\/\/keylingo.com\/wp-content\/uploads\/2022\/02\/Acuity.png\" alt=\"Acuity Brands\"\/><img decoding=\"async\" src=\"https:\/\/keylingo.com\/wp-content\/uploads\/2022\/02\/Argyle-1.png\" alt=\"Argyle\"\/><img decoding=\"async\" src=\"https:\/\/keylingo.com\/wp-content\/uploads\/2022\/02\/Armstrong.png\" alt=\"Armstrong\"\/><img decoding=\"async\" src=\"https:\/\/keylingo.com\/wp-content\/uploads\/2022\/02\/Buhler.png\" alt=\"Buhler\"\/><img decoding=\"async\" src=\"https:\/\/keylingo.com\/wp-content\/uploads\/2022\/02\/DoorDash.png\" alt=\"DoorDash\"\/><img decoding=\"async\" src=\"https:\/\/keylingo.com\/wp-content\/uploads\/2022\/02\/Electrolux.png\" alt=\"Electrolux\"\/><img decoding=\"async\" src=\"https:\/\/keylingo.com\/wp-content\/uploads\/2022\/02\/Giant-Tiger.png\" alt=\"Giant Tiger\"\/><img decoding=\"async\" src=\"https:\/\/keylingo.com\/wp-content\/uploads\/2022\/02\/Hardinge.png\" alt=\"Hardinge\"\/><img decoding=\"async\" src=\"https:\/\/keylingo.com\/wp-content\/uploads\/2022\/02\/Harsco.png\" alt=\"Harsco\"\/><img decoding=\"async\" src=\"https:\/\/keylingo.com\/wp-content\/uploads\/2022\/02\/Hunter-Douglas.png\" alt=\"Hunter Douglas\"\/><img decoding=\"async\" src=\"https:\/\/keylingo.com\/wp-content\/uploads\/2022\/02\/Kivuto.png\" alt=\"Kivuto\"\/><img decoding=\"async\" src=\"https:\/\/keylingo.com\/wp-content\/uploads\/2022\/02\/Komatsu.png\" alt=\"Komatsu\"\/><img decoding=\"async\" src=\"https:\/\/keylingo.com\/wp-content\/uploads\/2022\/02\/Liebherr.png\" alt=\"Liebherr\"\/><img decoding=\"async\" src=\"https:\/\/keylingo.com\/wp-content\/uploads\/2022\/02\/Lowes.png\" alt=\"Lowes\"\/><img decoding=\"async\" src=\"https:\/\/keylingo.com\/wp-content\/uploads\/2022\/02\/MacDon.png\" alt=\"MacDon\"\/><img decoding=\"async\" src=\"https:\/\/keylingo.com\/wp-content\/uploads\/2022\/02\/Magnet.png\" alt=\"Magnet\"\/><img decoding=\"async\" src=\"https:\/\/keylingo.com\/wp-content\/uploads\/2022\/02\/Makita.png\" alt=\"Makita\"\/><img decoding=\"async\" src=\"https:\/\/keylingo.com\/wp-content\/uploads\/2022\/02\/Mars.png\" alt=\"Mars\"\/><img decoding=\"async\" src=\"https:\/\/keylingo.com\/wp-content\/uploads\/2022\/02\/Mastercard.png\" alt=\"Mastercard\"\/><img decoding=\"async\" src=\"https:\/\/keylingo.com\/wp-content\/uploads\/2022\/02\/Merck.png\" alt=\"Merck\"\/><img decoding=\"async\" src=\"https:\/\/keylingo.com\/wp-content\/uploads\/2022\/02\/Nanoleaf.png\" alt=\"Nanoleaf\"\/><img decoding=\"async\" src=\"https:\/\/keylingo.com\/wp-content\/uploads\/2025\/04\/National-Grid-2.png\" alt=\"National Grid\"\/><img decoding=\"async\" src=\"https:\/\/keylingo.com\/wp-content\/uploads\/2022\/02\/Oxbo.png\" alt=\"Oxbo\"\/><img decoding=\"async\" src=\"https:\/\/keylingo.com\/wp-content\/uploads\/2022\/02\/Peloton.png\" alt=\"Peloton\"\/><img decoding=\"async\" src=\"https:\/\/keylingo.com\/wp-content\/uploads\/2022\/02\/Schneider.png\" alt=\"Schneider\"\/><img decoding=\"async\" src=\"https:\/\/keylingo.com\/wp-content\/uploads\/2022\/02\/T2.png\" alt=\"T2\"\/><img decoding=\"async\" src=\"https:\/\/keylingo.com\/wp-content\/uploads\/2022\/02\/GOC.png\" alt=\"GOC\"\/><img decoding=\"async\" src=\"https:\/\/keylingo.com\/wp-content\/uploads\/2022\/02\/Tobii.png\" alt=\"Tobii\"\/><img decoding=\"async\" src=\"https:\/\/keylingo.com\/wp-content\/uploads\/2022\/02\/Uber.png\" alt=\"Uber\"\/><img decoding=\"async\" src=\"https:\/\/keylingo.com\/wp-content\/uploads\/2022\/02\/Viking.png\" alt=\"Viking\"\/><img decoding=\"async\" src=\"https:\/\/keylingo.com\/wp-content\/uploads\/2022\/02\/Ethix-1.jpg\" alt=\"Ethix360\"\/><img decoding=\"async\" src=\"https:\/\/keylingo.com\/wp-content\/uploads\/2022\/02\/Grandstream-1.jpg\" alt=\"Grandstream\"\/><img decoding=\"async\" src=\"https:\/\/keylingo.com\/wp-content\/uploads\/2022\/02\/Barnstable-1.jpg\" alt=\"Barnstable\"\/><img decoding=\"async\" src=\"https:\/\/keylingo.com\/wp-content\/uploads\/2022\/02\/MSC.jpg\" alt=\"Statewide Contract\"\/><img decoding=\"async\" src=\"https:\/\/keylingo.com\/wp-content\/uploads\/2022\/02\/Acuity.png\" alt=\"Acuity Brands\"\/><img decoding=\"async\" src=\"https:\/\/keylingo.com\/wp-content\/uploads\/2022\/02\/Argyle-1.png\" alt=\"Argyle\"\/><img decoding=\"async\" src=\"https:\/\/keylingo.com\/wp-content\/uploads\/2022\/02\/Armstrong.png\" alt=\"Armstrong\"\/><img decoding=\"async\" src=\"https:\/\/keylingo.com\/wp-content\/uploads\/2022\/02\/Buhler.png\" alt=\"Buhler\"\/><img decoding=\"async\" src=\"https:\/\/keylingo.com\/wp-content\/uploads\/2022\/02\/DoorDash.png\" alt=\"DoorDash\"\/><img decoding=\"async\" src=\"https:\/\/keylingo.com\/wp-content\/uploads\/2022\/02\/Electrolux.png\" alt=\"Electrolux\"\/><img decoding=\"async\" src=\"https:\/\/keylingo.com\/wp-content\/uploads\/2022\/02\/Giant-Tiger.png\" alt=\"Giant Tiger\"\/><img decoding=\"async\" src=\"https:\/\/keylingo.com\/wp-content\/uploads\/2022\/02\/Hardinge.png\" alt=\"Hardinge\"\/><img decoding=\"async\" src=\"https:\/\/keylingo.com\/wp-content\/uploads\/2022\/02\/Harsco.png\" alt=\"Harsco\"\/><img decoding=\"async\" src=\"https:\/\/keylingo.com\/wp-content\/uploads\/2022\/02\/Hunter-Douglas.png\" alt=\"Hunter Douglas\"\/><img decoding=\"async\" src=\"https:\/\/keylingo.com\/wp-content\/uploads\/2022\/02\/Kivuto.png\" alt=\"Kivuto\"\/><img decoding=\"async\" src=\"https:\/\/keylingo.com\/wp-content\/uploads\/2022\/02\/Komatsu.png\" alt=\"Komatsu\"\/><img decoding=\"async\" src=\"https:\/\/keylingo.com\/wp-content\/uploads\/2022\/02\/Liebherr.png\" alt=\"Liebherr\"\/><img decoding=\"async\" src=\"https:\/\/keylingo.com\/wp-content\/uploads\/2022\/02\/Lowes.png\" alt=\"Lowes\"\/><img decoding=\"async\" src=\"https:\/\/keylingo.com\/wp-content\/uploads\/2022\/02\/MacDon.png\" alt=\"MacDon\"\/><img decoding=\"async\" src=\"https:\/\/keylingo.com\/wp-content\/uploads\/2022\/02\/Magnet.png\" alt=\"Magnet\"\/><img decoding=\"async\" src=\"https:\/\/keylingo.com\/wp-content\/uploads\/2022\/02\/Makita.png\" alt=\"Makita\"\/><img decoding=\"async\" src=\"https:\/\/keylingo.com\/wp-content\/uploads\/2022\/02\/Mars.png\" alt=\"Mars\"\/><img decoding=\"async\" src=\"https:\/\/keylingo.com\/wp-content\/uploads\/2022\/02\/Mastercard.png\" alt=\"Mastercard\"\/><img decoding=\"async\" src=\"https:\/\/keylingo.com\/wp-content\/uploads\/2022\/02\/Merck.png\" alt=\"Merck\"\/><img decoding=\"async\" src=\"https:\/\/keylingo.com\/wp-content\/uploads\/2022\/02\/Nanoleaf.png\" alt=\"Nanoleaf\"\/><img decoding=\"async\" src=\"https:\/\/keylingo.com\/wp-content\/uploads\/2025\/04\/National-Grid-2.png\" alt=\"National Grid\"\/><img decoding=\"async\" src=\"https:\/\/keylingo.com\/wp-content\/uploads\/2022\/02\/Oxbo.png\" alt=\"Oxbo\"\/><img decoding=\"async\" src=\"https:\/\/keylingo.com\/wp-content\/uploads\/2022\/02\/Peloton.png\" alt=\"Peloton\"\/><img decoding=\"async\" src=\"https:\/\/keylingo.com\/wp-content\/uploads\/2022\/02\/Schneider.png\" alt=\"Schneider\"\/><img decoding=\"async\" src=\"https:\/\/keylingo.com\/wp-content\/uploads\/2022\/02\/T2.png\" alt=\"T2\"\/><img decoding=\"async\" src=\"https:\/\/keylingo.com\/wp-content\/uploads\/2022\/02\/GOC.png\" alt=\"GOC\"\/><img decoding=\"async\" src=\"https:\/\/keylingo.com\/wp-content\/uploads\/2022\/02\/Tobii.png\" alt=\"Tobii\"\/><img decoding=\"async\" src=\"https:\/\/keylingo.com\/wp-content\/uploads\/2022\/02\/Uber.png\" alt=\"Uber\"\/><img decoding=\"async\" src=\"https:\/\/keylingo.com\/wp-content\/uploads\/2022\/02\/Viking.png\" alt=\"Viking\"\/><img decoding=\"async\" src=\"https:\/\/keylingo.com\/wp-content\/uploads\/2022\/02\/Ethix-1.jpg\" alt=\"Ethix360\"\/><img decoding=\"async\" src=\"https:\/\/keylingo.com\/wp-content\/uploads\/2022\/02\/Grandstream-1.jpg\" alt=\"Grandstream\"\/><img decoding=\"async\" src=\"https:\/\/keylingo.com\/wp-content\/uploads\/2022\/02\/Barnstable-1.jpg\" alt=\"Barnstable\"\/><img decoding=\"async\" src=\"https:\/\/keylingo.com\/wp-content\/uploads\/2022\/02\/MSC.jpg\" alt=\"Statewide Contract\"\/>\n\t\t<h2>\n\t\t\t\u00abEl servicio de atenci\u00f3n al cliente que ofrecen no tiene precio. Siempre responden a mis preguntas y entregan los resultados que buscamos.\u00bb\n\t\t<\/h2>\n\t\t\t<p>Rhianydd Phillips &#8211; <strong>NetGain SEO<\/strong><\/p>\t\t\n\t\t<h2>\n\t\t\tDescubra c\u00f3mo empresas como la suya lograron conectar con sus clientes ideales gracias a nuestros servicios ling\u00fc\u00edsticos personalizados.\n\t\t<\/h2>\n\t<p>Tomemos como ejemplo a <strong>Nanoleaf<\/strong>, l\u00edder en soluciones de iluminaci\u00f3n inteligente. Necesitaban expandirse a nuevos mercados y conectar con una audiencia global. Al asociarse con Keylingo, nuestros servicios de traducci\u00f3n y localizaci\u00f3n personalizados les permitieron llegar a audiencias diversas, ampliando significativamente su alcance global y su presencia en el mercado.<\/p>\n\t\t\t\t<img loading=\"lazy\" decoding=\"async\" src=\"https:\/\/keylingo.com\/wp-content\/uploads\/2022\/02\/Nanoleaf-Logo.png\" alt=\"Nanoleaf Case Study | Keylingo Translation Services\" itemprop=\"image\" height=\"330\" width=\"1000\" title=\"Nanoleaf-Logo\" onerror=\"this.style.display='none'\"  \/>\n\t\t\t<a href=\"https:\/\/keylingo.com\/es\/historia-de-exito-de-nanoleaf\/\" target=\"_self\">\n\t\t\t\t\t\t\tLea esta historia de \u00e9xito\n\t\t\t\t\t<\/a>\n\t\t\t\t<img loading=\"lazy\" decoding=\"async\" src=\"https:\/\/keylingo.com\/wp-content\/uploads\/2024\/09\/Keylingo-Team-Managing.png\" alt=\"Keylingo - Team -Managing\" itemprop=\"image\" height=\"912\" width=\"912\" title=\"Keylingo - Team -Managing\" onerror=\"this.style.display='none'\"  \/>\n\t\t<h2>Explore nuestros recursos<\/h2>\n\t\t<p>Mant\u00e9ngase a la vanguardia con informaci\u00f3n clave de la industria, entrevistas din\u00e1micas y enfoques innovadores que le permitir\u00e1n potenciar su estrategia de comunicaci\u00f3n global.<\/p>\n\t\t\t<a href=\"https:\/\/keylingo.com\/es\/recursos\/\" target=\"_self\">\n\t\t\t\t\t\t\tDescubra las tendencias en traducci\u00f3n\n\t\t\t\t\t<\/a>\n\t\t<h2>\n\t\t\tUn equipo dedicado y experimentado de especialistas en traducci\u00f3n\n\t\t<\/h2>\n\t\t\t<p>Somos profesionales experimentados con una amplia visi\u00f3n global y un enfoque amigable y colaborativo.<\/p>\t\t\n\t<meta itemscope itemprop=\"mainEntityOfPage\" itemtype=\"https:\/\/schema.org\/WebPage\" itemid=\"http:\/\/5930\" content=\"Virginia Careto\" \/><meta itemprop=\"datePublished\" content=\"2022-01-28\" \/><meta itemprop=\"dateModified\" content=\"2025-04-22\" \/><meta itemprop=\"name\" content=\"keylingo\"\/><meta itemprop=\"url\" content=\"https:\/\/keylingo.com\/es\/author\/emi\/\" \/><meta itemprop=\"name\" content=\"Maria Emilia Maisterrena\" \/><meta itemprop=\"interactionType\" content=\"https:\/\/schema.org\/CommentAction\" \/><meta itemprop=\"userInteractionCount\" content=\"0\" \/>\n<img width=\"300\" height=\"200\" src=\"https:\/\/keylingo.com\/wp-content\/uploads\/2022\/01\/Virginia-Careto-300x200.jpg\" alt=\"\" decoding=\"async\" loading=\"lazy\" srcset=\"https:\/\/keylingo.com\/wp-content\/uploads\/2022\/01\/Virginia-Careto-300x200.jpg 300w, https:\/\/keylingo.com\/wp-content\/uploads\/2022\/01\/Virginia-Careto-1024x683.jpg 1024w, https:\/\/keylingo.com\/wp-content\/uploads\/2022\/01\/Virginia-Careto-768x512.jpg 768w, https:\/\/keylingo.com\/wp-content\/uploads\/2022\/01\/Virginia-Careto-1536x1024.jpg 1536w, https:\/\/keylingo.com\/wp-content\/uploads\/2022\/01\/Virginia-Careto-2048x1365.jpg 2048w\" sizes=\"auto, (max-width: 300px) 100vw, 300px\" \/>\n    <h3>Virginia Careto<\/h3>\n        VP of Operations<br \/>\n        Keylingoer since 2015\n\t\t<!-- .pp-content-posts -->\n\t\t\t<a href=\"https:\/\/keylingo.com\/es\/quienes-somos\/\" target=\"_self\">\n\t\t\t\t\t\t\tconozca al equipo\n\t\t\t\t\t<\/a>\n<h3>\n\t\tSu socio ideal\n\t<\/h3>\n\t\t\t\t\t\t\t\t\t\t\t\n\t\t\t<p>Elija un equipo dedicado que ofrece soluciones precisas y adaptables para una comunicaci\u00f3n de alta calidad en todos los idiomas. Juntos, alcanzaremos sus objetivos globales con claridad, rapidez y compromiso.<\/p>\t\t\n\t\t\t\t<a href=\"https:\/\/keylingo.com\/es\/contactenos\/\" role=\"button\" target=\"_self\">\n\t\t\t\t\t\t\t\t\t\tHablemos\n\t\t\t\t\t\t\t\t\t<\/a>\n\n","protected":false},"excerpt":{"rendered":"<p>Su \u00e9xito global, nuestra prioridad Keylingo mejora la vida de las personas a trav\u00e9s del poder de la comunicaci\u00f3n, combinando tecnolog\u00eda de punta con el toque humano de nuestro equipo. Nuestro servicio personalizado garantiza que sus necesidades espec\u00edficas est\u00e9n cubiertas, ofreci\u00e9ndole soluciones a medida que se ajustan perfectamente a los objetivos de su empresa. Gracias&hellip;<\/p>\n","protected":false},"author":1,"featured_media":5532,"parent":0,"menu_order":0,"comment_status":"closed","ping_status":"closed","template":"","meta":{"content-type":"","footnotes":""},"class_list":["post-5902","page","type-page","status-publish","has-post-thumbnail","hentry"],"_links":{"self":[{"href":"https:\/\/keylingo.com\/es\/wp-json\/wp\/v2\/pages\/5902","targetHints":{"allow":["GET"]}}],"collection":[{"href":"https:\/\/keylingo.com\/es\/wp-json\/wp\/v2\/pages"}],"about":[{"href":"https:\/\/keylingo.com\/es\/wp-json\/wp\/v2\/types\/page"}],"author":[{"embeddable":true,"href":"https:\/\/keylingo.com\/es\/wp-json\/wp\/v2\/users\/1"}],"replies":[{"embeddable":true,"href":"https:\/\/keylingo.com\/es\/wp-json\/wp\/v2\/comments?post=5902"}],"version-history":[{"count":5,"href":"https:\/\/keylingo.com\/es\/wp-json\/wp\/v2\/pages\/5902\/revisions"}],"predecessor-version":[{"id":5935,"href":"https:\/\/keylingo.com\/es\/wp-json\/wp\/v2\/pages\/5902\/revisions\/5935"}],"wp:featuredmedia":[{"embeddable":true,"href":"https:\/\/keylingo.com\/es\/wp-json\/wp\/v2\/media\/5532"}],"wp:attachment":[{"href":"https:\/\/keylingo.com\/es\/wp-json\/wp\/v2\/media?parent=5902"}],"curies":[{"name":"wp","href":"https:\/\/api.w.org\/{rel}","templated":true}]}}