{"id":5869,"date":"2021-12-09T19:03:41","date_gmt":"2021-12-09T19:03:41","guid":{"rendered":"https:\/\/keylingo.com\/contactenos\/"},"modified":"2025-11-06T12:31:42","modified_gmt":"2025-11-06T12:31:42","slug":"contactenos","status":"publish","type":"page","link":"https:\/\/keylingo.com\/es\/contactenos\/","title":{"rendered":"Cont\u00e1ctenos"},"content":{"rendered":"\n\n\t\t<h1>\n\t\t\tCont\u00e1ctenos\n\t\t<\/h1>\n\t\t\t<p>Somos profesionalmente implacables y estamos comprometidos a ser un socio \u00e1gil, adaptable y receptivo que cumple lo que promete. Nos encantar\u00eda conocer m\u00e1s acerca de sus necesidades en traducci\u00f3n y localizaci\u00f3n.<\/p>\t\t\n                            \n                        <form method='post' enctype='multipart\/form-data'  id='gform_1'  action='https:\/\/keylingo.com\/es\/contactenos\/?fl_builder&#038;fl_builder_ui_iframe' data-formid='1' novalidate>\t\t\t\t\t\n\t\t\t\t\t\t<label>&#916;<textarea name=\"ak_hp_textarea\" cols=\"45\" rows=\"8\" maxlength=\"100\"><\/textarea><\/label>\n\t\t\t\t\t\t<input type=\"hidden\" id=\"ak_js_1\" name=\"ak_js\" value=\"196\" \/>\n                        <label class='gfield_label gform-field-label' for='input_1_14'>Phone<\/label><input name='input_14' id='input_1_14' type='text' value='' autocomplete='new-password'\/>Este campo es un campo de validaci\u00f3n y debe quedar sin cambios.<fieldset id=\"field_1_5\"><legend class='gfield_label gform-field-label'>\u00bfC\u00f3mo podemos ayudarte?(Obligatorio)<\/legend>\n\t\t\t\t\t<input class='gfield-choice-input' name='input_5' type='radio' value='Atenci\u00f3n al cliente'  id='choice_1_5_0' onchange='gformToggleRadioOther( this )'  tabindex='100'  \/>\n\t\t\t\t\t<label for='choice_1_5_0' id='label_1_5_0' class='gform-field-label gform-field-label--type-inline'>Atenci\u00f3n al cliente<\/label>\n\t\t\t\t\t<input class='gfield-choice-input' name='input_5' type='radio' value='Nuevo cliente'  id='choice_1_5_1' onchange='gformToggleRadioOther( this )'  tabindex='101'  \/>\n\t\t\t\t\t<label for='choice_1_5_1' id='label_1_5_1' class='gform-field-label gform-field-label--type-inline'>Nuevo cliente<\/label>\n\t\t\t\t\t<input class='gfield-choice-input' name='input_5' type='radio' value='Oportunidades laborales'  id='choice_1_5_2' onchange='gformToggleRadioOther( this )'  tabindex='102'  \/>\n\t\t\t\t\t<label for='choice_1_5_2' id='label_1_5_2' class='gform-field-label gform-field-label--type-inline'>Oportunidades laborales<\/label>\n\t\t\t<\/fieldset><label class='gfield_label gform-field-label' for='input_1_3'>Nombre(Obligatorio)<\/label><input name='input_3' id='input_1_3' type='text' value='' class='large'   tabindex='103' placeholder='Nombre' aria-required=\"true\" aria-invalid=\"false\"   \/><label class='gfield_label gform-field-label' for='input_1_2'>Nombre de la empresa(Obligatorio)<\/label><input name='input_2' id='input_1_2' type='text' value='' class='large'   tabindex='104' placeholder='Nombre de la empresa' aria-required=\"true\" aria-invalid=\"false\"   \/><label class='gfield_label gform-field-label' for='input_1_7'>email(Obligatorio)<\/label>\n                            <input name='input_7' id='input_1_7' type='email' value='' class='large' tabindex='105'  placeholder='email' aria-required=\"true\" aria-invalid=\"false\"  \/>\n                        <label class='gfield_label gform-field-label' for='input_1_8'>Tel\u00e9fono(Obligatorio)<\/label><input name='input_8' id='input_1_8' type='tel' value='' class='large' tabindex='106' placeholder='N\u00famero de tel\u00e9fono' aria-required=\"true\" aria-invalid=\"false\"   \/><label class='gfield_label gform-field-label' for='input_1_4'>Mensaje(Obligatorio)<\/label><textarea name='input_4' id='input_1_4' class='textarea large' tabindex='107'   placeholder='Mensaje' aria-required=\"true\" aria-invalid=\"false\"   rows='10' cols='50'><\/textarea><fieldset id=\"field_1_13\"><legend class='gfield_label gform-field-label gfield_label_before_complex'>Direcci\u00f3n(Obligatorio)<\/legend>    \n                                        <input type='text' name='input_13.4' id='input_1_13_4' value='' tabindex='111'    placeholder='Estado' aria-required='true'    \/>\n                                        <label for='input_1_13_4' id='input_1_13_4_label' class='gform-field-label gform-field-label--type-sub hidden_sub_label screen-reader-text'>Estado \/ Provincia \/ Regi\u00f3n<\/label>\n                                        <select name='input_13.6' id='input_1_13_6' tabindex='113'  aria-required='true'><option value='' selected='selected'>Pa\u00eds<\/option><option value='Afghanist\u00e1n'>Afghanist\u00e1n<\/option><option value='Albania'>Albania<\/option><option value='Alemania'>Alemania<\/option><option value='Andorra'>Andorra<\/option><option value='Angola'>Angola<\/option><option value='Anguilla'>Anguilla<\/option><option value='Antigua y Barbuda'>Antigua y Barbuda<\/option><option value='Ant\u00e1rtida'>Ant\u00e1rtida<\/option><option value='Arabia Saudita'>Arabia Saudita<\/option><option value='Argelia'>Argelia<\/option><option value='Argentina'>Argentina<\/option><option value='Armenia'>Armenia<\/option><option value='Aruba'>Aruba<\/option><option value='Australia'>Australia<\/option><option value='Austria'>Austria<\/option><option value='Azerbaiy\u00e1n'>Azerbaiy\u00e1n<\/option><option value='Bahamas'>Bahamas<\/option><option value='Bangladesh'>Bangladesh<\/option><option value='Barbados'>Barbados<\/option><option value='Bar\u00e9in'>Bar\u00e9in<\/option><option value='Belice'>Belice<\/option><option value='Benin'>Benin<\/option><option value='Bermuda'>Bermuda<\/option><option value='Bhut\u00e1n'>Bhut\u00e1n<\/option><option value='Bielorusia'>Bielorusia<\/option><option value='Bolivia'>Bolivia<\/option><option value='Bonaire, San Eustaquio y Saba'>Bonaire, San Eustaquio y Saba<\/option><option value='Bosnia y Herzegovina'>Bosnia y Herzegovina<\/option><option value='Botswana'>Botswana<\/option><option value='Brasil'>Brasil<\/option><option value='Brunei Darussalam'>Brunei Darussalam<\/option><option value='Bulgaria'>Bulgaria<\/option><option value='Burkina Faso'>Burkina Faso<\/option><option value='Burundi'>Burundi<\/option><option value='B\u00e9lgica'>B\u00e9lgica<\/option><option value='Cabo Verde'>Cabo Verde<\/option><option value='Camboya'>Camboya<\/option><option value='Camer\u00fan'>Camer\u00fan<\/option><option value='Canada'>Canada<\/option><option value='Chad'>Chad<\/option><option value='Chequia'>Chequia<\/option><option value='Chile'>Chile<\/option><option value='China'>China<\/option><option value='Chipre'>Chipre<\/option><option value='Colombia'>Colombia<\/option><option value='Comoras'>Comoras<\/option><option value='Congo'>Congo<\/option><option value='Congo, Rep\u00fablica Democr\u00e1tica del'>Congo, Rep\u00fablica Democr\u00e1tica del<\/option><option value='Corea, Rep\u00fablica Popular Democr\u00e1tica de'>Corea, Rep\u00fablica Popular Democr\u00e1tica de<\/option><option value='Corea, Rep\u00fablica de'>Corea, Rep\u00fablica de<\/option><option value='Costa Rica'>Costa Rica<\/option><option value='Costa de Marfil'>Costa de Marfil<\/option><option value='Croacia'>Croacia<\/option><option value='Cuba'>Cuba<\/option><option value='Curazao'>Curazao<\/option><option value='Dinamarca'>Dinamarca<\/option><option value='Djibouti'>Djibouti<\/option><option value='Dominica'>Dominica<\/option><option value='Ecuador'>Ecuador<\/option><option value='Egipto'>Egipto<\/option><option value='El Salvador'>El Salvador<\/option><option value='Emiratos \u00c1rabes Unidos'>Emiratos \u00c1rabes Unidos<\/option><option value='Eritrea'>Eritrea<\/option><option value='Eslovaquia'>Eslovaquia<\/option><option value='Eslovenia'>Eslovenia<\/option><option value='Espa\u00f1a'>Espa\u00f1a<\/option><option value='Estados Unidos'>Estados Unidos<\/option><option value='Estonia'>Estonia<\/option><option value='Esuatini'>Esuatini<\/option><option value='Etiop\u00eda'>Etiop\u00eda<\/option><option value='Federaci\u00f3n Rusa'>Federaci\u00f3n Rusa<\/option><option value='Fiji'>Fiji<\/option><option value='Filipinas'>Filipinas<\/option><option value='Finlandia'>Finlandia<\/option><option value='Francia'>Francia<\/option><option value='Gab\u00f3n'>Gab\u00f3n<\/option><option value='Gambia'>Gambia<\/option><option value='Georgia'>Georgia<\/option><option value='Ghana'>Ghana<\/option><option value='Gibraltar'>Gibraltar<\/option><option value='Granada'>Granada<\/option><option value='Grecia'>Grecia<\/option><option value='Groenlandia'>Groenlandia<\/option><option value='Guadalupe'>Guadalupe<\/option><option value='Guam'>Guam<\/option><option value='Guatemala'>Guatemala<\/option><option value='Guayana'>Guayana<\/option><option value='Guayana Francesa'>Guayana Francesa<\/option><option value='Guernsey'>Guernsey<\/option><option value='Guinea'>Guinea<\/option><option value='Guinea Bissau'>Guinea Bissau<\/option><option value='Guinea Ecuatorial'>Guinea Ecuatorial<\/option><option value='Hait\u00ed'>Hait\u00ed<\/option><option value='Honduras'>Honduras<\/option><option value='Hong Kong'>Hong Kong<\/option><option value='Hungr\u00eda'>Hungr\u00eda<\/option><option value='India'>India<\/option><option value='Indonesia'>Indonesia<\/option><option value='Iraq'>Iraq<\/option><option value='Irlanda'>Irlanda<\/option><option value='Ir\u00e1n'>Ir\u00e1n<\/option><option value='Isla Bouvet'>Isla Bouvet<\/option><option value='Isla Norfolk'>Isla Norfolk<\/option><option value='Isla de Man'>Isla de Man<\/option><option value='Isla de Navidad'>Isla de Navidad<\/option><option value='Islandia'>Islandia<\/option><option value='Islas Caim\u00e1n'>Islas Caim\u00e1n<\/option><option value='Islas Cocos'>Islas Cocos<\/option><option value='Islas Cook'>Islas Cook<\/option><option value='Islas Faroe'>Islas Faroe<\/option><option value='Islas Heard y McDonald'>Islas Heard y McDonald<\/option><option value='Islas Malvinas'>Islas Malvinas<\/option><option value='Islas Marianas del Norte'>Islas Marianas del Norte<\/option><option value='Islas Marshall'>Islas Marshall<\/option><option value='Islas Salom\u00f3n'>Islas Salom\u00f3n<\/option><option value='Islas Turcas y Caicos'>Islas Turcas y Caicos<\/option><option value='Islas Ultramarinas Menores de Estados Unidos'>Islas Ultramarinas Menores de Estados Unidos<\/option><option value='Islas V\u00edrgenes Brit\u00e1nicas'>Islas V\u00edrgenes Brit\u00e1nicas<\/option><option value='Islas V\u00edrgenes de los Estados Unidos'>Islas V\u00edrgenes de los Estados Unidos<\/option><option value='Islas \u00c5land'>Islas \u00c5land<\/option><option value='Israel'>Israel<\/option><option value='Italia'>Italia<\/option><option value='Jamaica'>Jamaica<\/option><option value='Jap\u00f3n'>Jap\u00f3n<\/option><option value='Jersey'>Jersey<\/option><option value='Ji\u017en\u00ed Georgie a Ji\u017en\u00ed Sandwichovy ostrovy'>Ji\u017en\u00ed Georgie a Ji\u017en\u00ed Sandwichovy ostrovy<\/option><option value='Jord\u00e1n'>Jord\u00e1n<\/option><option value='Kazajist\u00e1n'>Kazajist\u00e1n<\/option><option value='Kenia'>Kenia<\/option><option value='Kirguist\u00e1n'>Kirguist\u00e1n<\/option><option value='Kiribati'>Kiribati<\/option><option value='Kuwait'>Kuwait<\/option><option value='LIbia'>LIbia<\/option><option value='Lesoto'>Lesoto<\/option><option value='Liberia'>Liberia<\/option><option value='Liechtenstein'>Liechtenstein<\/option><option value='Lituania'>Lituania<\/option><option value='Lituania'>Lituania<\/option><option value='Luxemburgo'>Luxemburgo<\/option><option value='L\u00edbano'>L\u00edbano<\/option><option value='Macau'>Macau<\/option><option value='Macedonia del Norte'>Macedonia del Norte<\/option><option value='Madagascar'>Madagascar<\/option><option value='Malasia'>Malasia<\/option><option value='Malawi'>Malawi<\/option><option value='Maldivas'>Maldivas<\/option><option value='Mali'>Mali<\/option><option value='Malta'>Malta<\/option><option value='Marruecos'>Marruecos<\/option><option value='Martinica'>Martinica<\/option><option value='Mauricio'>Mauricio<\/option><option value='Mauritania'>Mauritania<\/option><option value='Mayotte'>Mayotte<\/option><option value='Micronesia'>Micronesia<\/option><option value='Moldavia'>Moldavia<\/option><option value='Monaco'>Monaco<\/option><option value='Mongolia'>Mongolia<\/option><option value='Montenegro'>Montenegro<\/option><option value='Montserrat'>Montserrat<\/option><option value='Mozambique'>Mozambique<\/option><option value='Myanmar'>Myanmar<\/option><option value='M\u00e9xico'>M\u00e9xico<\/option><option value='Namibia'>Namibia<\/option><option value='Nauru'>Nauru<\/option><option value='Nepal'>Nepal<\/option><option value='Nicaragua'>Nicaragua<\/option><option value='Nigeria'>Nigeria<\/option><option value='Niue'>Niue<\/option><option value='Noruega'>Noruega<\/option><option value='Nueva Caledonia'>Nueva Caledonia<\/option><option value='Nueva Zelanda'>Nueva Zelanda<\/option><option value='N\u00edger'>N\u00edger<\/option><option value='Om\u00e1n'>Om\u00e1n<\/option><option value='Paises Bajos'>Paises Bajos<\/option><option value='Pakist\u00e1n'>Pakist\u00e1n<\/option><option value='Palau'>Palau<\/option><option value='Palestina, Estado de'>Palestina, Estado de<\/option><option value='Panam\u00e1'>Panam\u00e1<\/option><option value='Pap\u00faa Nueva Guinea'>Pap\u00faa Nueva Guinea<\/option><option value='Paraguay'>Paraguay<\/option><option value='Per\u00fa'>Per\u00fa<\/option><option value='Pitcairn'>Pitcairn<\/option><option value='Polinesia Francesa'>Polinesia Francesa<\/option><option value='Polonia'>Polonia<\/option><option value='Portugal'>Portugal<\/option><option value='Puerto Rico'>Puerto Rico<\/option><option value='Qatar'>Qatar<\/option><option value='Reino Unido'>Reino Unido<\/option><option value='Rep\u00fablica Centroafricana'>Rep\u00fablica Centroafricana<\/option><option value='Rep\u00fablica Democr\u00e1tica Popular de Laos'>Rep\u00fablica Democr\u00e1tica Popular de Laos<\/option><option value='Rep\u00fablica Dominicana'>Rep\u00fablica Dominicana<\/option><option value='Rep\u00fablica \u00c1rabe de Siria'>Rep\u00fablica \u00c1rabe de Siria<\/option><option value='Reuni\u00f3n'>Reuni\u00f3n<\/option><option value='Ruanda'>Ruanda<\/option><option value='Ruman\u00eda'>Ruman\u00eda<\/option><option value='Sahara Occidental'>Sahara Occidental<\/option><option value='Samoa'>Samoa<\/option><option value='Samoa Americana'>Samoa Americana<\/option><option value='San Bartolom\u00e9'>San Bartolom\u00e9<\/option><option value='San Crist\u00f3bal y Nieves'>San Crist\u00f3bal y Nieves<\/option><option value='San Marino'>San Marino<\/option><option value='San Mart\u00edn'>San Mart\u00edn<\/option><option value='San Pedro y Miquel\u00f3n'>San Pedro y Miquel\u00f3n<\/option><option value='San Vicente y las Granadinas'>San Vicente y las Granadinas<\/option><option value='Santa Elena, Ascensi\u00f3n y Trist\u00e1n de Acu\u00f1a'>Santa Elena, Ascensi\u00f3n y Trist\u00e1n de Acu\u00f1a<\/option><option value='Santa Luc\u00eda'>Santa Luc\u00eda<\/option><option value='Santa Sede'>Santa Sede<\/option><option value='Santo Tom\u00e9 y Principe'>Santo Tom\u00e9 y Principe<\/option><option value='Senegal'>Senegal<\/option><option value='Serbia'>Serbia<\/option><option value='Seychelles'>Seychelles<\/option><option value='Sierra Leona'>Sierra Leona<\/option><option value='Singapur'>Singapur<\/option><option value='Sint Maarten'>Sint Maarten<\/option><option value='Somalia'>Somalia<\/option><option value='Sri Lanka'>Sri Lanka<\/option><option value='Sud\u00e1frica'>Sud\u00e1frica<\/option><option value='Sud\u00e1n'>Sud\u00e1n<\/option><option value='Sud\u00e1n del Sur'>Sud\u00e1n del Sur<\/option><option value='Suecia'>Suecia<\/option><option value='Suiza'>Suiza<\/option><option value='Surinam'>Surinam<\/option><option value='Svalbard y Jan Mayen'>Svalbard y Jan Mayen<\/option><option value='Tailandia'>Tailandia<\/option><option value='Taiwan'>Taiwan<\/option><option value='Tanzania (Rep\u00fablica Unida de)'>Tanzania (Rep\u00fablica Unida de)<\/option><option value='Tayikist\u00e1n'>Tayikist\u00e1n<\/option><option value='Territorio Brit\u00e1nico del Oc\u00e9ano \u00cdndico'>Territorio Brit\u00e1nico del Oc\u00e9ano \u00cdndico<\/option><option value='Tierras Australes y Ant\u00e1rticas Francesas'>Tierras Australes y Ant\u00e1rticas Francesas<\/option><option value='Timor Oriental'>Timor Oriental<\/option><option value='Togo'>Togo<\/option><option value='Tokelau'>Tokelau<\/option><option value='Tonga'>Tonga<\/option><option value='Trinidad y Tobago'>Trinidad y Tobago<\/option><option value='Turkmenist\u00e1n'>Turkmenist\u00e1n<\/option><option value='Turqu\u00eda'>Turqu\u00eda<\/option><option value='Tuvalu'>Tuvalu<\/option><option value='T\u00fanez'>T\u00fanez<\/option><option value='Ucrania'>Ucrania<\/option><option value='Uganda'>Uganda<\/option><option value='Uruguay'>Uruguay<\/option><option value='Uzbekist\u00e1n'>Uzbekist\u00e1n<\/option><option value='Vanuatu'>Vanuatu<\/option><option value='Venezuela'>Venezuela<\/option><option value='Vietnam'>Vietnam<\/option><option value='Wallis y Futuna'>Wallis y Futuna<\/option><option value='Yemen'>Yemen<\/option><option value='Zambia'>Zambia<\/option><option value='Zimbaue'>Zimbaue<\/option><\/select>\n                                        <label for='input_1_13_6' id='input_1_13_6_label' class='gform-field-label gform-field-label--type-sub hidden_sub_label screen-reader-text'>Pa\u00eds<\/label>\n                <\/fieldset><label class='gfield_label gform-field-label' for='gform_browse_button_1_11'>Archivo<\/label>\n\t\t\t\t\t\t\t\t\t\t\tSuelta archivos aqu\u00ed o \n\t\t\t\t\t\t\t\t\t\t\t<button type='button' id='gform_browse_button_1_11' class='button gform_button_select_files gform-theme-button gform-theme-button--control' aria-describedby=\"gfield_upload_rules_1_11\" tabindex='114'>Selecciona archivos<\/button>\n\t\t\t\t\t\t\t\t\tTama\u00f1o m\u00e1ximo de archivo: 64 MB.<ul class='validation_message--hidden-on-empty gform-ul-reset' id='gform_multifile_messages_1_11'><\/ul> <label class='gfield_label gform-field-label' for='input_1_9'>\u00bfD\u00f3nde escuchaste sobre Keylingo?(Obligatorio)<\/label><select name='input_9' id='input_1_9' class='large gfield_select' tabindex='115'   aria-required=\"true\" aria-invalid=\"false\"><option value='LinkedIn'>LinkedIn<\/option><option value='B\u00fasqueda de Google'>B\u00fasqueda de Google<\/option><option value='Referido'>Referido<\/option><option value='Otro'>Otro<\/option><\/select>\n         <input type='submit' id='gform_submit_button_1' class='gform_button button' onclick='gform.submission.handleButtonClick(this);' data-submission-type='submit' value='Enviar' tabindex='116' \/><input type=\"reset\" value=\"Clear Fields\"\/> \n            <input type='hidden' class='gform_hidden' name='gform_submission_method' data-js='gform_submission_method_1' value='postback' \/>\n            <input type='hidden' class='gform_hidden' name='gform_theme' data-js='gform_theme_1' id='gform_theme_1' value='gravity-theme' \/>\n            <input type='hidden' class='gform_hidden' name='gform_style_settings' data-js='gform_style_settings_1' id='gform_style_settings_1' value='[]' \/>\n            <input type='hidden' class='gform_hidden' name='is_submit_1' value='1' \/>\n            <input type='hidden' class='gform_hidden' name='gform_submit' value='1' \/>\n            <input type='hidden' class='gform_hidden' name='gform_unique_id' value='' \/>\n            <input type='hidden' class='gform_hidden' name='state_1' value='WyJ7XCI1XCI6W1wiM2NkMTk1MjVjYTdlYTZhYmQyZGQ5YzJhOGMwNWI3NGVcIixcIjZlYjIxNzhiNzYxODA2ZWRmYTAzMmEzYzRkZjI3MzQ4XCIsXCI2YWVkZmZkZGVlYzdiNTFkM2FjMjY4ODkxZmViNjIwZlwiXX0iLCIyMWMyMTUwM2E5YzVlNTM3YmM4OTA3NjI1N2I0OWEzNyJd' \/>\n            <input type='hidden' autocomplete='off' class='gform_hidden' name='gform_target_page_number_1' id='gform_target_page_number_1' value='0' \/>\n            <input type='hidden' autocomplete='off' class='gform_hidden' name='gform_source_page_number_1' id='gform_source_page_number_1' value='1' \/>\n            <input type='hidden' name='gform_field_values' value='' \/>\n            <input type='hidden' name='gform_uploaded_files' id='gform_uploaded_files_1' value='' \/>\n                        <\/form>\n\n","protected":false},"excerpt":{"rendered":"<p>Cont\u00e1ctenos Somos profesionalmente implacables y estamos comprometidos a ser un socio \u00e1gil, adaptable y receptivo que cumple lo que promete. Nos encantar\u00eda conocer m\u00e1s acerca de sus necesidades en traducci\u00f3n y localizaci\u00f3n. &#916; PhoneEste campo es un campo de validaci\u00f3n y debe quedar sin cambios. \u00bfC\u00f3mo podemos ayudarte?(Obligatorio) Atenci\u00f3n al cliente Nuevo cliente Oportunidades laborales&hellip;<\/p>\n","protected":false},"author":1,"featured_media":0,"parent":0,"menu_order":0,"comment_status":"closed","ping_status":"closed","template":"","meta":{"content-type":"","footnotes":""},"class_list":["post-5869","page","type-page","status-publish","hentry"],"_links":{"self":[{"href":"https:\/\/keylingo.com\/es\/wp-json\/wp\/v2\/pages\/5869","targetHints":{"allow":["GET"]}}],"collection":[{"href":"https:\/\/keylingo.com\/es\/wp-json\/wp\/v2\/pages"}],"about":[{"href":"https:\/\/keylingo.com\/es\/wp-json\/wp\/v2\/types\/page"}],"author":[{"embeddable":true,"href":"https:\/\/keylingo.com\/es\/wp-json\/wp\/v2\/users\/1"}],"replies":[{"embeddable":true,"href":"https:\/\/keylingo.com\/es\/wp-json\/wp\/v2\/comments?post=5869"}],"version-history":[{"count":3,"href":"https:\/\/keylingo.com\/es\/wp-json\/wp\/v2\/pages\/5869\/revisions"}],"predecessor-version":[{"id":6257,"href":"https:\/\/keylingo.com\/es\/wp-json\/wp\/v2\/pages\/5869\/revisions\/6257"}],"wp:attachment":[{"href":"https:\/\/keylingo.com\/es\/wp-json\/wp\/v2\/media?parent=5869"}],"curies":[{"name":"wp","href":"https:\/\/api.w.org\/{rel}","templated":true}]}}