{"id":5868,"date":"2024-08-23T12:20:53","date_gmt":"2024-08-23T12:20:53","guid":{"rendered":"https:\/\/keylingo.com\/servicios\/"},"modified":"2025-10-21T11:42:17","modified_gmt":"2025-10-21T11:42:17","slug":"servicios","status":"publish","type":"page","link":"https:\/\/keylingo.com\/es\/servicios\/","title":{"rendered":"Servicios"},"content":{"rendered":"\n\n\t\t\t\t\t\t<h1>Una experiencia global sin barreras ling\u00fc\u00edsticas<\/h1>\t\t\t\t\t\n\t\t\t<p>Logre una comunicaci\u00f3n fluida y consistente en todos los idiomas con nuestras soluciones ling\u00fc\u00edsticas personalizadas. Conf\u00ede en nuestro equipo dedicado y en nuestra tecnolog\u00eda avanzada para brindar claridad, calidad y rapidez, satisfaciendo las necesidades \u00fanicas de su industria. \u00danase a las muchas empresas que conf\u00edan en nuestra transparencia, adaptabilidad y capacidad de respuesta para sus necesidades de comunicaci\u00f3n global.<\/p>\t\t\n\t\t\t\t<a href=\"https:\/\/keylingo.com\/es\/contactenos\/\" role=\"button\" target=\"_self\">\n\t\t\t\t\t\t\t\t\t\tSolicite un presupuesto\n\t\t\t\t\t\t\t\t\t<\/a>\n\t\t\t\t\t\t<h1>Soluciones dise\u00f1adas a medida<\/h1>\t\t\t\t\t\n\t\t\t<p>Consiga exactamente lo que necesita cuando lo necesite con nuestras soluciones personalizadas.<\/p>\t\t\n\t<ul data-height=\"350\" data-width=\"350\" data-shape=\"square\">\n\t\t\t\t\t\t\t\t\t\t<li>\n\t\t\t\t\t\t\t\t\t\t\t<img decoding=\"async\" src=\"https:\/\/keylingo.com\/wp-content\/uploads\/2024\/08\/1.2-Basic-sq.jpg\" alt=\"\"\/>\t\t\t\t\n\t\t\t\t\t\t\t\t\t\t\t\t\t\t\t\t\t\t\t<h3>Basic<\/h3>\n\t\t\t\t\t\t\t\t\t\t\t<p>Ideal para empresas con encargos de traducci\u00f3n ocasionales o puntuales, ya que ofrece una soluci\u00f3n sencilla y eficaz.<\/p>\n\t\t\t\t\t\t\t\t\t\t\t\t\t<\/li>\n\t\t\t\t\t\t\t\t\t\t\t\t\t<\/ul>\n\t\t<h2>\n\t\t\tBasic\n\t\t<\/h2>\n\t<ul data-height=\"350\" data-width=\"350\" data-shape=\"square\">\n\t\t\t\t\t\t\t\t\t\t<li>\n\t\t\t\t\t\t\t\t\t\t\t<img decoding=\"async\" src=\"https:\/\/keylingo.com\/wp-content\/uploads\/2024\/08\/2.-Essentials-sq.jpg\" alt=\"\"\/>\t\t\t\t\n\t\t\t\t\t\t\t\t\t\t\t\t\t\t\t\t\t\t\t<h3>Essentials<\/h3>\n\t\t\t\t\t\t\t\t\t\t\t<p>Ideal para empresas con necesidades ling\u00fc\u00edsticas diversas, ya que ofrece un portal colaborativo para una comunicaci\u00f3n y coordinaci\u00f3n m\u00e1s eficiente.<\/p>\n\t\t\t\t\t\t\t\t\t\t\t\t\t<\/li>\n\t\t\t\t\t\t\t\t\t\t\t\t\t<\/ul>\n\t\t<h2>\n\t\t\tEssentials\n\t\t<\/h2>\n\t<ul data-height=\"350\" data-width=\"350\" data-shape=\"square\">\n\t\t\t\t\t\t\t\t\t\t<li>\n\t\t\t\t\t\t\t\t\t\t\t<img decoding=\"async\" src=\"https:\/\/keylingo.com\/wp-content\/uploads\/2024\/08\/3.-Full-Stack-sq.jpg\" alt=\"\"\/>\t\t\t\t\n\t\t\t\t\t\t\t\t\t\t\t\t\t\t\t\t\t\t\t<h3>Full-Stack<\/h3>\n\t\t\t\t\t\t\t\t\t\t\t<p>Dise\u00f1ada para empresas con demandas ling\u00fc\u00edsticas frecuentes, ofrece un seguimiento e informes automatizados para una gesti\u00f3n de proyectos optimizada.<\/p>\n\t\t\t\t\t\t\t\t\t\t\t\t\t<\/li>\n\t\t\t\t\t\t\t\t\t\t\t\t\t<\/ul>\n\t\t<h2>\n\t\t\tFull-Stack\n\t\t<\/h2>\n\t\t\t\t\t\t<h1>Idiomas<\/h1>\t\t\t\t\t\n\t\t\t\u00bfBusca expandirse globalmente o conectarse con audiencias diversas?Acceda a servicios de traducci\u00f3n especializados en <strong>m\u00e1s de 200 idiomas<\/strong>, desde las lenguas m\u00e1s habladas hasta dialectos poco comunes. Nuestra amplia cobertura ling\u00fc\u00edstica garantiza que su mensaje resuene a nivel mundial, permitiendo que su empresa se comunique eficazmente entre culturas.\t\t\n\t\t\t\t<a href=\"https:\/\/www.linkedin.com\/smart-links\/AQHaOmdzZmmjPw\" role=\"button\" target=\"_blank\">\n\t\t\t\t\t\t\t\t\t\tEXPLORE LOS IDIOMAS DISPONIBLES\n\t\t\t\t\t\t\t\t\t<\/a>\n\t\t\t\t\t\t<h2>Servicios<\/h2>\t\t\t\t\t\n\t\t\t<p>Logre una comunicaci\u00f3n clara y efectiva entre idiomas con nuestra amplia experiencia.<\/p>\t\t\n\t\t\t\t\t\t\t<img loading=\"lazy\" decoding=\"async\" src=\"https:\/\/keylingo.com\/wp-content\/uploads\/2024\/08\/E-learning.png\" alt=\"E-learning\" width=\"500\" height=\"500\" \/>\n\t\t\t\t\t\t<h4>Aprendizaje Virtual (E-learning)<\/h4>\t\t\t\t\t\n\t\t\t<p>Desarrolle y localice contenido educativo para involucrar e instruir de manera efectiva a sus audiencias globales.<\/p>\t\t\n\t\t\t\t\t\t\t<img loading=\"lazy\" decoding=\"async\" src=\"https:\/\/keylingo.com\/wp-content\/uploads\/2024\/08\/Translation-Localization.png\" alt=\"Translation-&amp;-Localization\" width=\"500\" height=\"500\" \/>\n\t\t\t\t\t\t<h4>Traducci\u00f3n y localizaci\u00f3n<\/h4>\t\t\t\t\t\n\t\t\t<p>Reciba traducciones precisas y culturalmente relevantes para sus documentos, sitios web y contenido multimedia.<\/p>\t\t\n\t\t\t\t\t\t\t<img loading=\"lazy\" decoding=\"async\" src=\"https:\/\/keylingo.com\/wp-content\/uploads\/2024\/08\/Post-Edited.png\" alt=\"Post-Edited\" width=\"500\" height=\"500\" \/>\n\t\t\t\t\t\t<h4>Posedici\u00f3n de traducci\u00f3n autom\u00e1tica (MTPE)<\/h4>\t\t\t\t\t\n\t\t\t<p>Combine la eficiencia de la traducci\u00f3n autom\u00e1tica con la precisi\u00f3n de la edici\u00f3n humana para entregar traducciones de alta calidad r\u00e1pidamente.<\/p>\t\t\n\t\t\t\t\t\t\t<img loading=\"lazy\" decoding=\"async\" src=\"https:\/\/keylingo.com\/wp-content\/uploads\/2024\/08\/Audiovisual-Translations.png\" alt=\"Audiovisual-Translations\" width=\"500\" height=\"500\" \/>\n\t\t\t\t\t\t<h4>Traducciones audiovisuales<\/h4>\t\t\t\t\t\n\t\t\t<p>Traduzca y localice su contenido de audio y video, incluyendo subt\u00edtulos, doblaje y voz en off para alcanzar una audiencia global.<\/p>\t\t\n\t\t\t\t\t\t\t<img loading=\"lazy\" decoding=\"async\" src=\"https:\/\/keylingo.com\/wp-content\/uploads\/2024\/08\/Automated-Web-Content.png\" alt=\"Automated-Web-Content\" width=\"500\" height=\"500\" \/>\n\t\t\t\t\t\t<h4>Traducci\u00f3n autom\u00e1tica de contenido web | ContentFlow<\/h4>\t\t\t\t\t\n\t\t\t<p>Agilice su proceso de traducci\u00f3n de contenido web con nuestra soluci\u00f3n automatizada que garantiza rapidez y consistencia.<\/p>\t\t\n\t\t\t\t\t\t\t<img loading=\"lazy\" decoding=\"async\" src=\"https:\/\/keylingo.com\/wp-content\/uploads\/2024\/08\/Website-Translations.png\" alt=\"Website-Translations\" width=\"500\" height=\"500\" \/>\n\t\t\t\t\t\t<h4>Traducci\u00f3n de sitios web<\/h4>\t\t\t\t\t\n\t\t\t<p>Adapte su sitio web a los mercados internacionales, mejorando la experiencia y la interacci\u00f3n del usuario.<\/p>\t\t\n\t\t\t\t\t\t\t<img loading=\"lazy\" decoding=\"async\" src=\"https:\/\/keylingo.com\/wp-content\/uploads\/2024\/08\/AutomatedMobile.png\" alt=\"AutomatedMobile\" width=\"500\" height=\"500\" \/>\n\t\t\t\t\t\t<h4>Traducci\u00f3n autom\u00e1tica de aplicaciones m\u00f3viles<\/h4>\t\t\t\t\t\n\t\t\t<p>Traduzca eficientemente el contenido de su aplicaci\u00f3n m\u00f3vil para llegar a una audiencia m\u00e1s amplia sin comprometer la calidad.<\/p>\t\t\n\t\t\t\t\t\t\t<img loading=\"lazy\" decoding=\"async\" src=\"https:\/\/keylingo.com\/wp-content\/uploads\/2024\/08\/Interpreting.png\" alt=\"Interpreting\" width=\"500\" height=\"500\" \/>\n\t\t\t\t\t\t<h4>Interpretaci\u00f3n (presencial, remota y telef\u00f3nica)<\/h4>\t\t\t\t\t\n\t\t\t<p>Acceda a servicios de interpretaci\u00f3n profesional, como interpretaci\u00f3n presencial, interpretaci\u00f3n remota por video (IRV) e interpretaci\u00f3n telef\u00f3nica.<\/p>\t\t\n\t\t\t\t\t\t\t<img loading=\"lazy\" decoding=\"async\" src=\"https:\/\/keylingo.com\/wp-content\/uploads\/2024\/08\/DTP.png\" alt=\"DTP\" width=\"500\" height=\"500\" \/>\n\t\t\t\t\t\t<h4>Maquetaci\u00f3n multiling\u00fce (DTP)<\/h4>\t\t\t\t\t\n\t\t\t<p>Mantenga el formato original y la integridad del dise\u00f1o de sus documentos traducidos.<\/p>\t\t\n\t\t\t\t\t\t\t<img loading=\"lazy\" decoding=\"async\" src=\"https:\/\/keylingo.com\/wp-content\/uploads\/2024\/08\/Files.png\" alt=\"Files\" width=\"500\" height=\"500\" \/>\n\t\t\t\t\t\t<h4>Ingenier\u00eda de archivos<\/h4>\t\t\t\t\t\n\t\t\t<p>Optimice y prepare sus archivos para procesos de traducci\u00f3n y localizaci\u00f3n sin interrupciones.<\/p>\t\t\n\t\t\t\t\t\t\t<img loading=\"lazy\" decoding=\"async\" src=\"https:\/\/keylingo.com\/wp-content\/uploads\/2024\/08\/SEO.png\" alt=\"SEO\" width=\"500\" height=\"500\" \/>\n\t\t\t\t\t\t<h4>Traducci\u00f3n SEO (Search Engine Optimization) y de b\u00fasqueda pagada<\/h4>\t\t\t\t\t\n\t\t\t<p>Mejore su posicionamiento en los motores de b\u00fasqueda con anuncios de b\u00fasqueda pagada traducidos y localizados por expertos.<\/p>\t\t\n\t\t\t\t\t\t\t<img loading=\"lazy\" decoding=\"async\" src=\"https:\/\/keylingo.com\/wp-content\/uploads\/2024\/08\/Transcreation.png\" alt=\"Transcreation\" width=\"500\" height=\"500\" \/>\n\t\t\t\t\t\t<h4>Transcreaci\u00f3n<\/h4>\t\t\t\t\t\n\t\t\t<p>Adapte creativamente sus materiales de marketing para que resuenen con el p\u00fablico local, conservando al mismo tiempo la intenci\u00f3n y el impacto del mensaje original.<\/p>\t\t\n\t\t\t\t\t\t<h1>Nuestro compromiso con la calidad<\/h1>\t\t\t\t\t\n\t\t\t<p>En Keylingo, su satisfacci\u00f3n es nuestra m\u00e1xima prioridad. Nos enorgullece contar con la <a href=\"https:\/\/www.certipedia.com\/quality_marks\/9000009270?certificate_number=01+10006+2029925&amp;locale=es\" target=\"_blank\" rel=\"noopener\">certificaci\u00f3n ISO 9001:2015<\/a>, lo que le brinda la confianza de que cada proyecto se maneja con precisi\u00f3n, cuidado y en cumplimiento de los m\u00e1s altos est\u00e1ndares globales. Para respaldar este compromiso, nuestras operaciones se rigen por una serie de pol\u00edticas de calidad que garantizan la excelencia en todos los aspectos de nuestros servicios ling\u00fc\u00edsticos:<ul><li>Cultura organizacional diversa y de apoyo<\/li><li>Compromiso con la satisfacci\u00f3n de las partes interesadas<\/li><li>Relaciones comerciales orientadas al crecimiento<\/li><li>Compromiso con la excelencia continua<\/li><\/ul> (v2, noviembre de 2024)Cuando elige Keylingo, est\u00e1 eligiendo calidad, confiabilidad y un socio dedicado a la mejora continua. Alcanzar y mantener estos altos est\u00e1ndares es, verdaderamente, un esfuerzo en equipo.<\/p>\t\t\n<h3>\n\t\t\tSu socio ideal\t<\/h3>\n\t\t\t\t\t\t\t\t\t\t\t\n\t\t\t<p>Elija un equipo dedicado que ofrece soluciones precisas y adaptables para una comunicaci\u00f3n de alta calidad en todos los idiomas. Juntos, alcanzaremos sus objetivos globales con claridad, rapidez y compromiso.<\/p>\t\t\n\t\t\t\t<a href=\"https:\/\/keylingo.com\/es\/contactenos\/\" role=\"button\" target=\"_self\">\n\t\t\t\t\t\t\t\t\t\tHablemos\n\t\t\t\t\t\t\t\t\t<\/a>\n\n","protected":false},"excerpt":{"rendered":"<p>Una experiencia global sin barreras ling\u00fc\u00edsticas Logre una comunicaci\u00f3n fluida y consistente en todos los idiomas con nuestras soluciones ling\u00fc\u00edsticas personalizadas. Conf\u00ede en nuestro equipo dedicado y en nuestra tecnolog\u00eda avanzada para brindar claridad, calidad y rapidez, satisfaciendo las necesidades \u00fanicas de su industria. \u00danase a las muchas empresas que conf\u00edan en nuestra transparencia, adaptabilidad&hellip;<\/p>\n","protected":false},"author":1,"featured_media":0,"parent":0,"menu_order":0,"comment_status":"closed","ping_status":"closed","template":"","meta":{"content-type":"","footnotes":""},"class_list":["post-5868","page","type-page","status-publish","hentry"],"_links":{"self":[{"href":"https:\/\/keylingo.com\/es\/wp-json\/wp\/v2\/pages\/5868","targetHints":{"allow":["GET"]}}],"collection":[{"href":"https:\/\/keylingo.com\/es\/wp-json\/wp\/v2\/pages"}],"about":[{"href":"https:\/\/keylingo.com\/es\/wp-json\/wp\/v2\/types\/page"}],"author":[{"embeddable":true,"href":"https:\/\/keylingo.com\/es\/wp-json\/wp\/v2\/users\/1"}],"replies":[{"embeddable":true,"href":"https:\/\/keylingo.com\/es\/wp-json\/wp\/v2\/comments?post=5868"}],"version-history":[{"count":5,"href":"https:\/\/keylingo.com\/es\/wp-json\/wp\/v2\/pages\/5868\/revisions"}],"predecessor-version":[{"id":6249,"href":"https:\/\/keylingo.com\/es\/wp-json\/wp\/v2\/pages\/5868\/revisions\/6249"}],"wp:attachment":[{"href":"https:\/\/keylingo.com\/es\/wp-json\/wp\/v2\/media?parent=5868"}],"curies":[{"name":"wp","href":"https:\/\/api.w.org\/{rel}","templated":true}]}}